{"id":274,"date":"2025-01-09T14:04:25","date_gmt":"2025-01-09T17:04:25","guid":{"rendered":"https:\/\/latamcamp.com\/e-academy.cl\/?page_id=274"},"modified":"2025-01-10T15:37:34","modified_gmt":"2025-01-10T18:37:34","slug":"boxeo-2","status":"publish","type":"page","link":"https:\/\/www.e-academy.cl\/index.php\/boxeo-2\/","title":{"rendered":"BOXEO"},"content":{"rendered":"<div class=\"breadcrumbs alignwide  wp-block-bcn-breadcrumb-trail has-text-color has-background\" vocab=\"https:\/\/schema.org\/\" typeof=\"BreadcrumbList\">\n\t<span><\/span>\n\t<span property=\"itemListElement\" typeof=\"ListItem\"><a property=\"item\" typeof=\"WebPage\" title=\"Ir a EDGE COMBAT SYSTEMS ACADEMY.\" href=\"https:\/\/www.e-academy.cl\" class=\"home\" ><span property=\"name\">EDGE COMBAT SYSTEMS ACADEMY<\/span><\/a><meta property=\"position\" content=\"1\"><\/span> &gt; <span property=\"itemListElement\" typeof=\"ListItem\"><a property=\"item\" typeof=\"WebPage\" title=\"Ir a Disciplinas.\" href=\"https:\/\/www.e-academy.cl\/index.php\/disciplinas\/\" class=\"post-root post post-post\" aria-current=\"page\"><span property=\"name\">Disciplinas<\/span><\/a><meta property=\"position\" content=\"2\"><\/span><\/div>\n\n\n\n<div class=\"wp-block-columns alignfull is-layout-flex wp-container-core-columns-is-layout-28f84493 wp-block-columns-is-layout-flex\">\n<div class=\"wp-block-column is-layout-flow wp-block-column-is-layout-flow\" style=\"flex-basis:50%\">\n<div class=\"wp-block-cover is-light\" style=\"min-height:600px;aspect-ratio:unset;\"><span aria-hidden=\"true\" class=\"wp-block-cover__background has-background-dim-100 has-background-dim\" style=\"background-color:#f6f6f6\"><\/span><div class=\"wp-block-cover__inner-container is-layout-flow wp-block-cover-is-layout-flow\">\n<figure class=\"wp-block-image aligncenter size-full is-resized\"><img loading=\"lazy\" decoding=\"async\" width=\"960\" height=\"1334\" src=\"https:\/\/latamcamp.com\/e-academy.cl\/wp-content\/uploads\/2025\/01\/15640.jpg\" alt=\"\" class=\"wp-image-298\" style=\"width:511px;height:auto\" srcset=\"https:\/\/www.e-academy.cl\/wp-content\/uploads\/2025\/01\/15640.jpg 960w, https:\/\/www.e-academy.cl\/wp-content\/uploads\/2025\/01\/15640-216x300.jpg 216w, https:\/\/www.e-academy.cl\/wp-content\/uploads\/2025\/01\/15640-737x1024.jpg 737w, https:\/\/www.e-academy.cl\/wp-content\/uploads\/2025\/01\/15640-768x1067.jpg 768w\" sizes=\"auto, (max-width: 960px) 100vw, 960px\" \/><\/figure>\n<\/div><\/div>\n<\/div>\n\n\n\n<div class=\"wp-block-column is-vertically-aligned-center is-layout-flow wp-block-column-is-layout-flow\" style=\"padding-top:1em;padding-right:1em;padding-bottom:1em;padding-left:1em\">\n<div class=\"wp-block-columns is-layout-flex wp-container-core-columns-is-layout-28f84493 wp-block-columns-is-layout-flex\">\n<div class=\"wp-block-column is-layout-flow wp-block-column-is-layout-flow\" style=\"flex-basis:320px\">\n<h2 class=\"wp-block-heading\">BOXEO<\/h2>\n\n\n\n<p>El boxeo es un deporte de combate que consiste en la lucha entre dos personas, utilizando pu\u00f1os y t\u00e9cnicas espec\u00edficas, con el objetivo de nocautear o ganar por puntos al oponente.<\/p>\n\n\n\n<p><\/p>\n\n\n\n<ol class=\"wp-block-list\">\n<li>Combate cuerpo a cuerpo.<\/li>\n\n\n\n<li>Utiliza pu\u00f1os y t\u00e9cnicas de golpeo.<\/li>\n\n\n\n<li>Se practica en un ring cuadrado.<\/li>\n\n\n\n<li>Tiene categor\u00edas de peso y rondas.<\/li>\n\n\n\n<li>Se juega con guantes y protecci\u00f3n.<\/li>\n<\/ol>\n\n\n\n<h2 class=\"wp-block-heading\">Beneficios<\/h2>\n\n\n\n<p><\/p>\n\n\n\n<ul class=\"wp-block-list\">\n<li>Es un deporte de equipo y socializaci\u00f3n.<\/li>\n\n\n\n<li>Mejora la condici\u00f3n f\u00edsica.<\/li>\n\n\n\n<li>Desarrolla la coordinaci\u00f3n y agilidad.<\/li>\n\n\n\n<li>Incrementa la confianza y autoestima.<\/li>\n<\/ul>\n<\/div>\n<\/div>\n<\/div>\n<\/div>\n","protected":false},"excerpt":{"rendered":"<p>BOXEO El boxeo es un deporte de combate que consiste en la lucha entre dos [&hellip;]<\/p>\n","protected":false},"author":1,"featured_media":136,"parent":0,"menu_order":0,"comment_status":"closed","ping_status":"closed","template":"","meta":{"footnotes":""},"class_list":["post-274","page","type-page","status-publish","has-post-thumbnail","hentry"],"_links":{"self":[{"href":"https:\/\/www.e-academy.cl\/index.php\/wp-json\/wp\/v2\/pages\/274","targetHints":{"allow":["GET"]}}],"collection":[{"href":"https:\/\/www.e-academy.cl\/index.php\/wp-json\/wp\/v2\/pages"}],"about":[{"href":"https:\/\/www.e-academy.cl\/index.php\/wp-json\/wp\/v2\/types\/page"}],"author":[{"embeddable":true,"href":"https:\/\/www.e-academy.cl\/index.php\/wp-json\/wp\/v2\/users\/1"}],"replies":[{"embeddable":true,"href":"https:\/\/www.e-academy.cl\/index.php\/wp-json\/wp\/v2\/comments?post=274"}],"version-history":[{"count":16,"href":"https:\/\/www.e-academy.cl\/index.php\/wp-json\/wp\/v2\/pages\/274\/revisions"}],"predecessor-version":[{"id":420,"href":"https:\/\/www.e-academy.cl\/index.php\/wp-json\/wp\/v2\/pages\/274\/revisions\/420"}],"wp:featuredmedia":[{"embeddable":true,"href":"https:\/\/www.e-academy.cl\/index.php\/wp-json\/wp\/v2\/media\/136"}],"wp:attachment":[{"href":"https:\/\/www.e-academy.cl\/index.php\/wp-json\/wp\/v2\/media?parent=274"}],"curies":[{"name":"wp","href":"https:\/\/api.w.org\/{rel}","templated":true}]}}