{"id":627,"date":"2025-07-18T01:31:00","date_gmt":"2025-07-18T04:31:00","guid":{"rendered":"https:\/\/www.e-academy.cl\/?page_id=627"},"modified":"2025-07-18T12:16:31","modified_gmt":"2025-07-18T15:16:31","slug":"sanda","status":"publish","type":"page","link":"https:\/\/www.e-academy.cl\/index.php\/sanda\/","title":{"rendered":"SANDA"},"content":{"rendered":"<div class=\"breadcrumbs alignwide  wp-block-bcn-breadcrumb-trail has-text-color has-background\" vocab=\"https:\/\/schema.org\/\" typeof=\"BreadcrumbList\">\n\t<span><\/span>\n\t<span property=\"itemListElement\" typeof=\"ListItem\"><a property=\"item\" typeof=\"WebPage\" title=\"Ir a EDGE COMBAT SYSTEMS ACADEMY.\" href=\"https:\/\/www.e-academy.cl\" class=\"home\" ><span property=\"name\">EDGE COMBAT SYSTEMS ACADEMY<\/span><\/a><meta property=\"position\" content=\"1\"><\/span> &gt; <span property=\"itemListElement\" typeof=\"ListItem\"><a property=\"item\" typeof=\"WebPage\" title=\"Ir a Disciplinas.\" href=\"https:\/\/www.e-academy.cl\/index.php\/disciplinas\/\" class=\"post-root post post-post\" aria-current=\"page\"><span property=\"name\">Disciplinas<\/span><\/a><meta property=\"position\" content=\"2\"><\/span><\/div>\n\n\n\n<div class=\"wp-block-columns alignwide is-layout-flex wp-container-core-columns-is-layout-28f84493 wp-block-columns-is-layout-flex\">\n<div class=\"wp-block-column has-background is-layout-flow wp-container-core-column-is-layout-b2a27621 wp-block-column-is-layout-flow\" style=\"background-color:#f6f6f6;padding-top:0;padding-right:0;padding-bottom:0;padding-left:0\">\n<figure class=\"wp-block-image size-full is-resized\" style=\"margin-top:var(--wp--preset--spacing--10);margin-right:var(--wp--preset--spacing--10);margin-bottom:var(--wp--preset--spacing--10);margin-left:var(--wp--preset--spacing--10)\"><img loading=\"lazy\" decoding=\"async\" width=\"1440\" height=\"1126\" src=\"https:\/\/www.e-academy.cl\/wp-content\/uploads\/2024\/12\/SANDA2.jpg\" alt=\"\" class=\"wp-image-606\" style=\"aspect-ratio:0.5625;object-fit:cover;width:510px\" srcset=\"https:\/\/www.e-academy.cl\/wp-content\/uploads\/2024\/12\/SANDA2.jpg 1440w, https:\/\/www.e-academy.cl\/wp-content\/uploads\/2024\/12\/SANDA2-300x235.jpg 300w, https:\/\/www.e-academy.cl\/wp-content\/uploads\/2024\/12\/SANDA2-1024x801.jpg 1024w, https:\/\/www.e-academy.cl\/wp-content\/uploads\/2024\/12\/SANDA2-768x601.jpg 768w\" sizes=\"auto, (max-width: 1440px) 100vw, 1440px\" \/><\/figure>\n<\/div>\n\n\n\n<div class=\"wp-block-column is-layout-flow wp-block-column-is-layout-flow\">\n<h2 class=\"wp-block-heading\">SANDA<\/h2>\n\n\n\n<p>Sanda (\u6563\u6253), tambi\u00e9n conocido como Sanshou (\u6563\u624b), es un arte marcial chino de combate de contacto total, que combina t\u00e9cnicas de golpeo (pu\u00f1os y patadas) con derribos y proyecciones. Se desarroll\u00f3 a partir de las artes marciales tradicionales chinas y se adapta para la competencia deportiva, aunque tambi\u00e9n se practica para la defensa personal.<\/p>\n\n\n\n<h2 class=\"wp-block-heading\">Beneficios del Sanda:<\/h2>\n\n\n\n<p><strong>Mejora de la condici\u00f3n f\u00edsica:<br><\/strong>El Sanda es un entrenamiento intenso que mejora la resistencia cardiovascular, la fuerza, la velocidad, la flexibilidad y la coordinaci\u00f3n.<br><strong>Desarrollo de habilidades de combate:<br><\/strong>Aprender t\u00e9cnicas de golpeo, patadas y proyecciones, as\u00ed como estrategias de combate, aumenta la capacidad de defensa personal y la confianza en uno mismo.<br><strong>Disciplina mental:<br><\/strong>El Sanda requiere disciplina, perseverancia y concentraci\u00f3n, lo que puede ayudar a mejorar la salud mental y la capacidad de tomar decisiones bajo presi\u00f3n.<br><strong>Reducci\u00f3n del estr\u00e9s:<br><\/strong>El entrenamiento de Sanda puede ser una excelente forma de liberar tensiones y reducir el estr\u00e9s, adem\u00e1s de mejorar el estado de \u00e1nimo.<br><strong>Desarrollo de la autoestima y confianza:<br><\/strong>A medida que se adquieren nuevas habilidades y se superan desaf\u00edos, la confianza y la autoestima pueden aumentar significativamente.<br><strong>Conocimiento de la cultura china:<br><\/strong>Practicar Sanda permite profundizar en la historia y cultura de China, as\u00ed como en las artes marciales tradicionales.<\/p>\n<\/div>\n<\/div>\n","protected":false},"excerpt":{"rendered":"<p>SANDA Sanda (\u6563\u6253), tambi\u00e9n conocido como Sanshou (\u6563\u624b), es un arte marcial chino de combate [&hellip;]<\/p>\n","protected":false},"author":1,"featured_media":0,"parent":0,"menu_order":0,"comment_status":"closed","ping_status":"closed","template":"","meta":{"footnotes":""},"class_list":["post-627","page","type-page","status-publish","hentry"],"_links":{"self":[{"href":"https:\/\/www.e-academy.cl\/index.php\/wp-json\/wp\/v2\/pages\/627","targetHints":{"allow":["GET"]}}],"collection":[{"href":"https:\/\/www.e-academy.cl\/index.php\/wp-json\/wp\/v2\/pages"}],"about":[{"href":"https:\/\/www.e-academy.cl\/index.php\/wp-json\/wp\/v2\/types\/page"}],"author":[{"embeddable":true,"href":"https:\/\/www.e-academy.cl\/index.php\/wp-json\/wp\/v2\/users\/1"}],"replies":[{"embeddable":true,"href":"https:\/\/www.e-academy.cl\/index.php\/wp-json\/wp\/v2\/comments?post=627"}],"version-history":[{"count":6,"href":"https:\/\/www.e-academy.cl\/index.php\/wp-json\/wp\/v2\/pages\/627\/revisions"}],"predecessor-version":[{"id":641,"href":"https:\/\/www.e-academy.cl\/index.php\/wp-json\/wp\/v2\/pages\/627\/revisions\/641"}],"wp:attachment":[{"href":"https:\/\/www.e-academy.cl\/index.php\/wp-json\/wp\/v2\/media?parent=627"}],"curies":[{"name":"wp","href":"https:\/\/api.w.org\/{rel}","templated":true}]}}